{"id":1234,"date":"2021-07-12T12:41:26","date_gmt":"2021-07-12T12:41:26","guid":{"rendered":"http:\/\/slonecznaoaza.pl\/?page_id=1234"},"modified":"2023-01-17T07:14:19","modified_gmt":"2023-01-17T07:14:19","slug":"standard-wykonania","status":"publish","type":"page","link":"https:\/\/slonecznaoaza.pl\/index.php\/standard-wykonania\/","title":{"rendered":"Standard wykonania"},"content":{"rendered":"\n<h2>STANDARD WYKONANIA<\/h2>\n\n\n\n<p>STANDARD WYKONANIA BUDYNKU JEDNORODZINNEGO DLA INWESTYCJI <strong>S\u0141ONECZNA OAZA<\/strong> PRZY ULICY SPACEROWEJ W GIEBU\u0141TOWIE<\/p>\n\n\n\n<h2><strong>CZ\u0118\u015aCI WSP\u00d3LNE<\/strong><\/h2>\n\n\n\n<figure class=\"wp-block-table is-style-stripes\"><table><tbody><tr><td>Ochrona<\/td><td>&#8211;&nbsp; Ogrodzenie terenu inwestycji: systemowe z paneli ogrodzeniowych 3D w kolorze antracyt\n<p>&nbsp;<\/p>\n<p>&#8211;&nbsp; Furtka otwierana domofonem z ka\u017cdego domu, brama wjazdowa na osiedle otwierana za pomoc\u0105 pilota\/aplikacji<\/p>\n<\/td><\/tr><tr><td>Ziele\u0144 og\u00f3lnodost\u0119pna\n<p>&nbsp;<\/p>\n<p>Ma\u0142a architektura<\/p>\n<\/td><td>&#8211;&nbsp; zorganizowana ziele\u0144 wsp\u00f3lna na terenie wewn\u0119trznym \u2013 niska, drzewa i krzewy\n<p>&nbsp;<\/p>\n<p>&#8211;&nbsp; teren ogr\u00f3dk\u00f3w przydomowych \u2013 trawa<\/p>\n<\/td><\/tr><tr><td>Droga wewn\u0119trzna\n<p>&nbsp;<\/p>\n<p>Doj\u015bcia i chodniki<\/p>\n<\/td><td>&#8211;&nbsp; kostka betonowa<\/td><\/tr><\/tbody><\/table><\/figure>\n\n\n\n<h2><strong>BUDYNEK<\/strong><\/h2>\n\n\n\n<figure class=\"wp-block-table is-style-stripes\"><table><tbody><tr><td>Konstrukcja:\n<p>&nbsp;<\/p>\n<p>fundamenty, p\u0142yty, s\u0142upy schody<\/p>\n<\/td><td>&#8211;&nbsp; fundamenty, s\u0142upy konstrukcyjne \u017celbetowe,\n<p>&nbsp;<\/p>\n<p>&#8211;&nbsp; schody \u017celbetowe,<\/p>\n<p>&#8211;&nbsp; strop nad parterem \u017celbetowy monolityczny gr.9,5cm, strop nad poddaszem gipsowo kartonowy.<\/p>\n<\/td><\/tr><tr><td>\u015aciany zewn\u0119trzne i wewn\u0119trzne konstrukcyjne<\/td><td>&#8211;&nbsp; z bloczk\u00f3w betonu kom\u00f3rkowego H+H Silver o grubo\u015bci 18 cm.<\/td><\/tr><tr><td>\u015aciany wewn\u0119trzne dzia\u0142owe<\/td><td>&#8211;&nbsp; \u015aciany wewn\u0119trzne z bloczk\u00f3w betonu kom\u00f3rkowego H+H o&nbsp;grubo\u015bci 11,5cm,\n<p>&nbsp;<\/p>\n<p>&#8211;&nbsp; Nadpro\u017ca drzwiowe prefabrykowane H+H\/lub \u017celbetowe.<\/p>\n<\/td><\/tr><tr><td>Elewacja<\/td><td>&#8211;&nbsp; Ocieplenie styropian fasadowy gr. 15 cm wraz z cienkowarstwow\u0105 silikonow\u0105 wypraw\u0105 tynkarsk\u0105 na siatce, cok\u00f3\u0142 z tynku mozaikowego,\n<p>&nbsp;<\/p>\n<p>&#8211;&nbsp; Balustrady zewn\u0119trzne szklane \u2013 szk\u0142o hartowane laminowane<\/p>\n<\/td><\/tr><tr><td>Dach<\/td><td>&#8211;\u00a0 Dach budynk\u00f3w dwuspadowy o konstrukcji drewnianej, zabezpieczonej impregnacj\u0105 przeciw ple\u015bniow\u0105, przeciwogniow\u0105 i\u00a0przeciw owadom, <p>\u00a0<\/p> <p>&#8211;\u00a0 Po\u0142acie g\u0142\u00f3wne pokryte dach\u00f3wk\u0105 ceramiczn\u0105 p\u0142ask\u0105 Roben Bergamo w\u00a0kolorze antracytowym,<\/p>  <p>&#8211;\u00a0 Rynny i rury spustowe stalowe w\u00a0kolorze grafitowym,<\/p> <p>&#8211;\u00a0 Ocieplenie dachu we\u0142na mineralna o grubo\u015bci 30cm.<\/p> <\/td><\/tr><tr><td>Stolarka okienna i drzwiowa<\/td><td>&#8211;&nbsp; Drzwi wej\u015bciowe do budynku o wsp\u00f3\u0142czynniku U&nbsp;max.&nbsp;=1,3&nbsp;W\/m<sup>2<\/sup>*K,\n<p>&nbsp;<\/p>\n<p>&#8211;&nbsp; Stolarka okienna PVC o wsp\u00f3\u0142czynniku zestawu szybowego U&nbsp;max&nbsp;= 0,99 W\/m<sup>2<\/sup>K,<\/p>\n<p>&#8211;&nbsp; Okno po\u0142aciowe np. Fakro U max.= 1,1 W\/m\u00b2K,<\/p>\n<p>&#8211;&nbsp; Okno wy\u0142azowe np. Fakro U max.=1,1 W\/m\u00b2K,<\/p>\n<p>&#8211;&nbsp; Parapety zewn\u0119trzne wykonane b\u0119d\u0105 z blachy powlekanej,<\/p>\n<p>&#8211;&nbsp; Brama gara\u017cowa segmentowa z nap\u0119dem.<\/p>\n<\/td><\/tr><tr><td>Tynki wewn\u0119trzne<\/td><td>&#8211;&nbsp; Tynki gipsowe nak\u0142adane maszynowo, zacierane na mokro.<\/td><\/tr><tr><td>Wylewki<\/td><td>&#8211;&nbsp; Wylewki betonowe p\u00f3\u0142suche zacierane mechanicznie..<\/td><\/tr><tr><td>Stolarka drzwiowa wewn\u0119trzna<\/td><td>&#8211;&nbsp; Pozostawiono otwory pod monta\u017c drzwi wewn\u0119trznych wraz z&nbsp;o\u015bcie\u017cnicami.<\/td><\/tr><tr><td>Instalacje<\/td><td>&#8211;\u00a0 Centralne ogrzewanie \u2013 na\u015bcienny kondensacyjny kocio\u0142 gazowy jednofunkcyjny o mocy 24kW wraz zasobnikiem\u00a0 CWU, <p>\u00a0<\/p> <p>&#8211;\u00a0 Instalacja wewn\u0119trzna: ogrzewanie pod\u0142ogowe we wszystkich pomieszczeniach budynku,<\/p>  <p>&#8211;\u00a0 Instalacja wodna z sieci wodoci\u0105gowej GZK Wielka Wie\u015b, wody zimnej: indywidualny licznik wody zimnej, podej\u015bcia pod przybory pionowe, CWU<\/p> <p>&#8211;\u00a0 Instalacja kanalizacji sanitarnej do sieci GZK Wielka Wie\u015b,<\/p> <p>&#8211;\u00a0 Instalacja kanalizacji deszczowej do szczelnego zbiornika przy ka\u017cdym z budynk\u00f3w,<\/p> <p>&#8211;\u00a0 Zasilanie energi\u0105 elektryczn\u0105 Tauron S.A., liczniki pr\u0105du w linii rozgraniczaj\u0105cej s\u0105siaduj\u0105ce ze sob\u0105 budynki, tablica mieszkaniowa z zabezpieczeniami poszczeg\u00f3lnych obwod\u00f3w w\u00a0budynkach, zamontowany osprz\u0119t,<\/p> <p>&#8211;\u00a0 Instalacja odgromowa,<\/p> <p>&#8211;\u00a0 Instalacja domofonowa,<\/p> <p>&#8211;\u00a0 Instalacja teletechniczna i RTV,<\/p> <p>&#8211;\u00a0 Wentylacja mechaniczna nawiewno-wywiewna z odzyskiem ciep\u0142a (rekuperator) lokalizacja jednostki wentylacyjno-rekuperacyjnej nad gara\u017cem,<\/p> <p>&#8211;\u00a0 Rozprowadzenie instalacji freonowej dla klimatyzacji: 1 szt. w\u00a0salonie na parterze oraz 3 szt. w sypialniach na poddaszu.<\/p> <\/td><\/tr><\/tbody><\/table><\/figure>\n\n\n<div class=\"everest-forms\"><div class=\"evf-container default\" id=\"evf-277\"><form id=\"evf-form-277\" class=\"everest-form\" data-formid=\"277\" data-ajax_submission=\"0\" method=\"post\" enctype=\"multipart\/form-data\" action=\"\/index.php\/wp-json\/wp\/v2\/pages\/1234\"><div class=\"evf-field-container\"><input type=\"hidden\" id=\"_wpnonce\" name=\"_wpnonce\" value=\"201dace191\" \/><input type=\"hidden\" name=\"_wp_http_referer\" value=\"\/index.php\/wp-json\/wp\/v2\/pages\/1234\" \/><div class=\"evf-frontend-row\" data-row=\"row_1\"><div class=\"evf-frontend-grid evf-grid-1\" data-grid=\"grid_1\"><div id=\"evf-277-field_ys0GeZISRs-1-container\" class=\"evf-field evf-field-first-name form-row validate-required\" data-required-field-message=\"This field is required.\" data-field-id=\"ys0GeZISRs-1\"><label class=\"evf-field-label\" for=\"evf-277-field_ys0GeZISRs-1\"><span class=\"evf-label\">Imi\u0119<\/span> <abbr class=\"required\" title=\"Required\">*<\/abbr><\/label><input type=\"text\" id=\"evf-277-field_ys0GeZISRs-1\" class=\"input-text\" name=\"everest_forms[form_fields][ys0GeZISRs-1]\" required><\/div><div id=\"evf-277-field_LbH5NxasXM-2-container\" class=\"evf-field evf-field-email form-row validate-required validate-email\" data-required-field-message=\"Please enter a valid email address.\" data-field-id=\"LbH5NxasXM-2\"><label class=\"evf-field-label\" for=\"evf-277-field_LbH5NxasXM-2\"><span class=\"evf-label\">Email<\/span> <abbr class=\"required\" title=\"Required\">*<\/abbr><\/label><input type=\"email\" id=\"evf-277-field_LbH5NxasXM-2\" class=\"input-text\" name=\"everest_forms[form_fields][LbH5NxasXM-2]\" required><\/div><div id=\"evf-277-field_66FR384cge-3-container\" class=\"evf-field evf-field-text form-row validate-required\" data-required-field-message=\"This field is required.\" data-field-id=\"66FR384cge-3\"><label class=\"evf-field-label\" for=\"evf-277-field_66FR384cge-3\"><span class=\"evf-label\">Telefon<\/span> <abbr class=\"required\" title=\"Required\">*<\/abbr><\/label><input type=\"text\" id=\"evf-277-field_66FR384cge-3\" class=\"input-text\" name=\"everest_forms[form_fields][66FR384cge-3]\" required><\/div><div id=\"evf-277-field_BlAzxMmGMh-5-container\" class=\"evf-field evf-field-select form-row\" data-field-id=\"BlAzxMmGMh-5\"><label class=\"evf-field-label\" for=\"evf-277-field_BlAzxMmGMh-5\"><span class=\"evf-label\">Interesuje mnie<\/span> <\/label><select id=\"evf-277-field_BlAzxMmGMh-5\" class=\"input-text\" name=\"everest_forms[form_fields][BlAzxMmGMh-5]\"><option value=\"Rozmowa\" >Rozmowa<\/option><option value=\"Budynek A1\" >Budynek A1<\/option><option value=\"Budynek A2\" >Budynek A2<\/option><option value=\"Budynek A3\" >Budynek A3<\/option><option value=\"Budynek A4\" >Budynek A4<\/option><option value=\"Budynek A5\" >Budynek A5<\/option><option value=\"Budynek A6\" >Budynek A6<\/option><option value=\"Budynek A7\" >Budynek A7<\/option><option value=\"Budynek A8\" >Budynek A8<\/option><option value=\"Budynek A9\" >Budynek A9<\/option><option value=\"Budynek A10\" >Budynek A10<\/option><option value=\"Budynek A11\" >Budynek A11<\/option><option value=\"Budynek A12\" >Budynek A12<\/option><option value=\"Budynek A13\" >Budynek A13<\/option><option value=\"Budynek A14\" >Budynek A14<\/option><option value=\"Budynek A15\" >Budynek A15<\/option><option value=\"Budynek A16\" >Budynek A16<\/option><option value=\"Budynek A17\" >Budynek A17<\/option><option value=\"Budynek A18\" >Budynek A18<\/option><option value=\"Budynek A19\" >Budynek A19<\/option><option value=\"Budynek A20\" >Budynek A20<\/option><\/select><\/div><div id=\"evf-277-field_yhGx3FOwr2-4-container\" class=\"evf-field evf-field-textarea form-row\" data-field-id=\"yhGx3FOwr2-4\"><label class=\"evf-field-label\" for=\"evf-277-field_yhGx3FOwr2-4\"><span class=\"evf-label\">Tre\u015b\u0107<\/span> <\/label><textarea id=\"evf-277-field_yhGx3FOwr2-4\" class=\"input-text\" name=\"everest_forms[form_fields][yhGx3FOwr2-4]\" ><\/textarea><\/div><\/div><\/div><\/div><div class=\"evf-honeypot-container evf-field-hp\"><label for=\"evf-277-field-hp\" class=\"evf-field-label\">Phone<\/label><input type=\"text\" name=\"everest_forms[hp]\" id=\"evf-277-field-hp\" class=\"input-text\"><\/div><div class=\"evf-submit-container \" ><input type=\"hidden\" name=\"everest_forms[id]\" value=\"277\"><input type=\"hidden\" name=\"everest_forms[author]\" value=\"1\"><button type='submit' name='everest_forms[submit]' class='everest-forms-submit-button button evf-submit ' id='evf-submit-277' value='evf-submit' data-process-text=\"Trwa wysy\u0142anie\u2026\" conditional_rules='\"\"' conditional_id='evf-submit-277' >Wy\u015blij<\/button><\/div><\/form><\/div><!-- .evf-container --><\/div>\n\n\n\n<h2>Biuro sprzeda\u017cy<\/h2>\n\n\n\n<p>Napisz do nas lub zadzwo\u0144! Nasz zesp\u00f3\u0142 pomo\u017ce Ci dobra\u0107 najlepsz\u0105 dla Ciebie ofert\u0119!<\/p>\n\n\n\n<p><strong>ul. H. Modrzejewskiej 28\/5<br>Krak\u00f3w 31-327<br><\/strong><\/p>\n\n\n\n<p>tel.: <strong><a href=\"tel:124137775\">124137775<\/a><br><\/strong>tel. kom.:<strong><a href=\"tel:604227327\"> 604 227 327<\/a><br><\/strong>tel. kom.: <strong><a href=\"tel:570088367\">570 088 367<\/a><br><\/strong><a href=\"mailto:biuro@slonecznaoaza.pl\"><strong>biuro@slonecznaoaza.pl<\/strong><\/a><\/p>\n","protected":false},"excerpt":{"rendered":"<p>STANDARD WYKONANIA STANDARD WYKONANIA BUDYNKU JEDNORODZINNEGO DLA INWESTYCJI S\u0141ONECZNA OAZA PRZY ULICY SPACEROWEJ W GIEBU\u0141TOWIE CZ\u0118\u015aCI WSP\u00d3LNE Ochrona &#8211;&nbsp; Ogrodzenie terenu inwestycji: systemowe z paneli ogrodzeniowych 3D w kolorze antracyt &nbsp; &#8211;&nbsp; Furtka otwierana domofonem z ka\u017cdego domu, brama wjazdowa na osiedle otwierana za pomoc\u0105 pilota\/aplikacji Ziele\u0144 og\u00f3lnodost\u0119pna &nbsp; Ma\u0142a architektura &#8211;&nbsp; zorganizowana ziele\u0144 wsp\u00f3lna [&hellip;]<\/p>\n","protected":false},"author":1,"featured_media":0,"parent":0,"menu_order":0,"comment_status":"closed","ping_status":"closed","template":"","meta":[],"_links":{"self":[{"href":"https:\/\/slonecznaoaza.pl\/index.php\/wp-json\/wp\/v2\/pages\/1234"}],"collection":[{"href":"https:\/\/slonecznaoaza.pl\/index.php\/wp-json\/wp\/v2\/pages"}],"about":[{"href":"https:\/\/slonecznaoaza.pl\/index.php\/wp-json\/wp\/v2\/types\/page"}],"author":[{"embeddable":true,"href":"https:\/\/slonecznaoaza.pl\/index.php\/wp-json\/wp\/v2\/users\/1"}],"replies":[{"embeddable":true,"href":"https:\/\/slonecznaoaza.pl\/index.php\/wp-json\/wp\/v2\/comments?post=1234"}],"version-history":[{"count":30,"href":"https:\/\/slonecznaoaza.pl\/index.php\/wp-json\/wp\/v2\/pages\/1234\/revisions"}],"predecessor-version":[{"id":2796,"href":"https:\/\/slonecznaoaza.pl\/index.php\/wp-json\/wp\/v2\/pages\/1234\/revisions\/2796"}],"wp:attachment":[{"href":"https:\/\/slonecznaoaza.pl\/index.php\/wp-json\/wp\/v2\/media?parent=1234"}],"curies":[{"name":"wp","href":"https:\/\/api.w.org\/{rel}","templated":true}]}}